{"id":14,"date":"2026-03-13T08:24:00","date_gmt":"2026-03-13T08:24:00","guid":{"rendered":"https:\/\/lainoabar.rkinformatika.online\/?page_id=14"},"modified":"2026-03-13T11:13:28","modified_gmt":"2026-03-13T11:13:28","slug":"servicios","status":"publish","type":"page","link":"https:\/\/lainoabar.es\/eu\/servicios\/","title":{"rendered":"Zerbitzuak"},"content":{"rendered":"<div data-elementor-type=\"wp-page\" data-elementor-id=\"14\" class=\"elementor elementor-14\" data-elementor-post-type=\"page\">\n\t\t\t\t<div class=\"elementor-element elementor-element-bf6e996 e-flex e-con-boxed e-con e-parent\" data-id=\"bf6e996\" data-element_type=\"container\" data-e-type=\"container\" data-settings=\"{&quot;background_background&quot;:&quot;classic&quot;}\">\n\t\t\t\t\t<div class=\"e-con-inner\">\n\t\t\t\t<div class=\"elementor-element elementor-element-1410089 elementor-widget elementor-widget-heading\" data-id=\"1410089\" data-element_type=\"widget\" data-e-type=\"widget\" data-widget_type=\"heading.default\">\n\t\t\t\t\t<h2 class=\"elementor-heading-title elementor-size-default\">Nuestros Servicios<\/h2>\t\t\t\t<\/div>\n\t\t\t\t\t<\/div>\n\t\t\t\t<\/div>\n\t\t<div class=\"elementor-element elementor-element-84cbc79 e-flex e-con-boxed e-con e-parent\" data-id=\"84cbc79\" data-element_type=\"container\" data-e-type=\"container\" data-settings=\"{&quot;background_background&quot;:&quot;classic&quot;}\">\n\t\t\t\t\t<div class=\"e-con-inner\">\n\t\t<div class=\"elementor-element elementor-element-07d47c3 e-con-full e-flex e-con e-child\" data-id=\"07d47c3\" data-element_type=\"container\" data-e-type=\"container\" data-settings=\"{&quot;background_background&quot;:&quot;classic&quot;}\">\n\t\t<div class=\"elementor-element elementor-element-ead593f e-con-full e-flex e-con e-child\" data-id=\"ead593f\" data-element_type=\"container\" data-e-type=\"container\">\n\t\t\t\t<div class=\"elementor-element elementor-element-10a4da5 elementor-widget__width-inherit elementor-widget elementor-widget-image\" data-id=\"10a4da5\" data-element_type=\"widget\" data-e-type=\"widget\" data-widget_type=\"image.default\">\n\t\t\t\t\t\t\t\t\t\t\t\t\t\t\t<img fetchpriority=\"high\" decoding=\"async\" width=\"800\" height=\"562\" src=\"https:\/\/lainoabar.es\/wp-content\/uploads\/2026\/03\/Diseno-sin-titulo-5-1024x719.png\" class=\"attachment-large size-large wp-image-227\" alt=\"\" srcset=\"https:\/\/lainoabar.es\/wp-content\/uploads\/2026\/03\/Diseno-sin-titulo-5-1024x719.png 1024w, https:\/\/lainoabar.es\/wp-content\/uploads\/2026\/03\/Diseno-sin-titulo-5-300x211.png 300w, https:\/\/lainoabar.es\/wp-content\/uploads\/2026\/03\/Diseno-sin-titulo-5-768x539.png 768w, https:\/\/lainoabar.es\/wp-content\/uploads\/2026\/03\/Diseno-sin-titulo-5-18x12.png 18w, https:\/\/lainoabar.es\/wp-content\/uploads\/2026\/03\/Diseno-sin-titulo-5.png 1302w\" sizes=\"(max-width: 800px) 100vw, 800px\" \/>\t\t\t\t\t\t\t\t\t\t\t\t\t\t\t<\/div>\n\t\t\t\t<\/div>\n\t\t<div class=\"elementor-element elementor-element-2420a28 e-con-full e-flex e-con e-child\" data-id=\"2420a28\" data-element_type=\"container\" data-e-type=\"container\">\n\t\t\t\t<div class=\"elementor-element elementor-element-0026dda elementor-widget elementor-widget-heading\" data-id=\"0026dda\" data-element_type=\"widget\" data-e-type=\"widget\" data-widget_type=\"heading.default\">\n\t\t\t\t\t<h2 class=\"elementor-heading-title elementor-size-default\">Nuestra barra: el arte de comer en un bocado<\/h2>\t\t\t\t<\/div>\n\t\t\t\t<div class=\"elementor-element elementor-element-dfa1cdf elementor-widget elementor-widget-text-editor\" data-id=\"dfa1cdf\" data-element_type=\"widget\" data-e-type=\"widget\" data-widget_type=\"text-editor.default\">\n\t\t\t\t\t\t\t\t\t<p>En nuestra barra de madera, el protagonista siempre es el producto. Cada ma\u00f1ana preparamos una selecci\u00f3n de pintxos que combinan la tradici\u00f3n de nuestra cocina con ese toque casero que te hace sentir como en casa. Ven, elige tu favorito y acomp\u00e1\u00f1alo con una ca\u00f1a bien tirada o un buen vino. Porque los mejores momentos siempre empiezan frente a una barra llena.<\/p>\t\t\t\t\t\t\t\t<\/div>\n\t\t\t\t<\/div>\n\t\t\t\t<\/div>\n\t\t\t\t\t<\/div>\n\t\t\t\t<\/div>\n\t\t<div class=\"elementor-element elementor-element-50baea1 e-flex e-con-boxed e-con e-parent\" data-id=\"50baea1\" data-element_type=\"container\" data-e-type=\"container\" data-settings=\"{&quot;background_background&quot;:&quot;classic&quot;}\">\n\t\t\t\t\t<div class=\"e-con-inner\">\n\t\t\t\t<div class=\"elementor-element elementor-element-d461483 elementor-widget elementor-widget-heading\" data-id=\"d461483\" data-element_type=\"widget\" data-e-type=\"widget\" data-widget_type=\"heading.default\">\n\t\t\t\t\t<h2 class=\"elementor-heading-title elementor-size-default\">Nuestros Orgullos<\/h2>\t\t\t\t<\/div>\n\t\t\t\t\t<\/div>\n\t\t\t\t<\/div>\n\t\t<div class=\"elementor-element elementor-element-d150b80 e-flex e-con-boxed e-con e-parent\" data-id=\"d150b80\" data-element_type=\"container\" data-e-type=\"container\" data-settings=\"{&quot;background_background&quot;:&quot;classic&quot;}\">\n\t\t\t\t\t<div class=\"e-con-inner\">\n\t\t\t\t<div class=\"elementor-element elementor-element-3f8f652 elementor-widget__width-inherit elementor--h-position-center elementor--v-position-middle elementor-widget elementor-widget-slides\" data-id=\"3f8f652\" data-element_type=\"widget\" data-e-type=\"widget\" data-settings=\"{&quot;navigation&quot;:&quot;none&quot;,&quot;autoplay&quot;:&quot;yes&quot;,&quot;pause_on_hover&quot;:&quot;yes&quot;,&quot;pause_on_interaction&quot;:&quot;yes&quot;,&quot;autoplay_speed&quot;:5000,&quot;infinite&quot;:&quot;yes&quot;,&quot;transition&quot;:&quot;slide&quot;,&quot;transition_speed&quot;:500}\" data-widget_type=\"slides.default\">\n\t\t\t\t\t\t\t\t\t\t<div class=\"elementor-slides-wrapper elementor-main-swiper swiper\" role=\"region\" aria-roledescription=\"carousel\" aria-label=\"Slides\" dir=\"ltr\" data-animation=\"fadeInUp\">\n\t\t\t\t<div class=\"swiper-wrapper elementor-slides\">\n\t\t\t\t\t\t\t\t\t\t<div class=\"elementor-repeater-item-ca06e87 swiper-slide\" role=\"group\" aria-roledescription=\"slide\"><div class=\"swiper-slide-bg\" role=\"img\" aria-label=\"Dise\u00f1o sin t\u00edtulo (6)\"><\/div><div class=\"swiper-slide-inner\" ><div class=\"swiper-slide-contents\"><div class=\"elementor-slide-heading\">Surtido de pintxos<\/div><\/div><\/div><\/div><div class=\"elementor-repeater-item-a35929b swiper-slide\" role=\"group\" aria-roledescription=\"slide\"><div class=\"swiper-slide-bg\" role=\"img\" aria-label=\"Dise\u00f1o sin t\u00edtulo (7)\"><\/div><div class=\"swiper-slide-inner\" ><div class=\"swiper-slide-contents\"><div class=\"elementor-slide-heading\">Tortillas a encargo<\/div><\/div><\/div><\/div><div class=\"elementor-repeater-item-7692964 swiper-slide\" role=\"group\" aria-roledescription=\"slide\"><div class=\"swiper-slide-bg\" role=\"img\" aria-label=\"Dise\u00f1o sin t\u00edtulo (8)\"><\/div><div class=\"swiper-slide-inner\" ><div class=\"swiper-slide-contents\"><div class=\"elementor-slide-heading\">Delicioso cafe<\/div><\/div><\/div><\/div><div class=\"elementor-repeater-item-aefafc6 swiper-slide\" role=\"group\" aria-roledescription=\"slide\"><div class=\"swiper-slide-bg\" role=\"img\" aria-label=\"Dise\u00f1o sin t\u00edtulo (9)\"><\/div><div class=\"swiper-slide-inner\" ><div class=\"swiper-slide-contents\"><div class=\"elementor-slide-heading\">Refrescantes bebidas<\/div><\/div><\/div><\/div>\t\t\t\t<\/div>\n\t\t\t\t\t\t\t\t\t\t\t\t\t\t\t\t\t\t\t\t\t<\/div>\n\t\t\t\t\t\t\t\t<\/div>\n\t\t\t\t<div class=\"elementor-element elementor-element-a87aa9c elementor-widget elementor-widget-text-editor\" data-id=\"a87aa9c\" data-element_type=\"widget\" data-e-type=\"widget\" data-widget_type=\"text-editor.default\">\n\t\t\t\t\t\t\t\t\t<p>D\u00e9jate tentar por la variedad de nuestra barra, donde siempre encontrar\u00e1s una amplia selecci\u00f3n de pintxos reci\u00e9n hechos para todos los gustos. Si buscas algo especial, nuestras tortillas por encargo son ya un cl\u00e1sico: jugosas, al punto y perfectas para llevarte a casa o compartir aqu\u00ed. No te vayas sin probar nuestra deliciosa cabeza, preparada con el mimo de la cocina tradicional, y acomp\u00e1\u00f1alo todo con nuestras refrescantes bebidas, servidas siempre en su punto \u00f3ptimo de fr\u00edo. \u00a1En nuestra barra de madera siempre hay un sitio reservado para ti!<\/p>\t\t\t\t\t\t\t\t<\/div>\n\t\t\t\t\t<\/div>\n\t\t\t\t<\/div>\n\t\t<div class=\"elementor-element elementor-element-1649f47 e-flex e-con-boxed e-con e-parent\" data-id=\"1649f47\" data-element_type=\"container\" data-e-type=\"container\" data-settings=\"{&quot;background_background&quot;:&quot;classic&quot;}\">\n\t\t\t\t\t<div class=\"e-con-inner\">\n\t\t<div class=\"elementor-element elementor-element-adb3b80 e-con-full e-flex e-con e-child\" data-id=\"adb3b80\" data-element_type=\"container\" data-e-type=\"container\" data-settings=\"{&quot;background_background&quot;:&quot;classic&quot;}\">\n\t\t\t\t<div class=\"elementor-element elementor-element-d50fcf8 elementor-widget elementor-widget-heading\" data-id=\"d50fcf8\" data-element_type=\"widget\" data-e-type=\"widget\" data-widget_type=\"heading.default\">\n\t\t\t\t\t<h2 class=\"elementor-heading-title elementor-size-default\">\u00bfTe reservamos un sitio en la barra?<\/h2>\t\t\t\t<\/div>\n\t\t\t\t<div class=\"elementor-element elementor-element-3d35b0b elementor-widget elementor-widget-text-editor\" data-id=\"3d35b0b\" data-element_type=\"widget\" data-e-type=\"widget\" data-widget_type=\"text-editor.default\">\n\t\t\t\t\t\t\t\t\t<p>Ya sea para encargar una de nuestras famosas tortillas, preguntar por el pintxo del d\u00eda o reservar un espacio para tu grupo, estamos a un solo clic de distancia. \u00a1Hablemos!<\/p>\t\t\t\t\t\t\t\t<\/div>\n\t\t\t\t<div class=\"elementor-element elementor-element-d0ab20d elementor-widget elementor-widget-button\" data-id=\"d0ab20d\" data-element_type=\"widget\" data-e-type=\"widget\" data-widget_type=\"button.default\">\n\t\t\t\t\t\t\t\t\t\t<a class=\"elementor-button elementor-button-link elementor-size-sm\" href=\"https:\/\/lainoabar.es\/eu\/contacto\/\">\n\t\t\t\t\t\t<span class=\"elementor-button-content-wrapper\">\n\t\t\t\t\t\t\t\t\t<span class=\"elementor-button-text\">IR A CONTACTO<\/span>\n\t\t\t\t\t<\/span>\n\t\t\t\t\t<\/a>\n\t\t\t\t\t\t\t\t<\/div>\n\t\t\t\t<\/div>\n\t\t\t\t\t<\/div>\n\t\t\t\t<\/div>\n\t\t\t\t<\/div>","protected":false},"excerpt":{"rendered":"<p>Nuestros Servicios Nuestra barra: el arte de comer en un bocado En nuestra barra de madera, el protagonista siempre es el producto. Cada ma\u00f1ana preparamos una selecci\u00f3n de pintxos que combinan la tradici\u00f3n de nuestra cocina con ese toque casero que te hace sentir como en casa. Ven, elige tu favorito y acomp\u00e1\u00f1alo con una [&hellip;]<\/p>\n","protected":false},"author":1,"featured_media":0,"parent":0,"menu_order":0,"comment_status":"closed","ping_status":"closed","template":"elementor_canvas","meta":{"footnotes":""},"class_list":["post-14","page","type-page","status-publish","hentry"],"yoast_head":"<!-- This site is optimized with the Yoast SEO plugin v27.5 - https:\/\/yoast.com\/product\/yoast-seo-wordpress\/ -->\n<title>Servicios - Lainoa Bar<\/title>\n<meta name=\"robots\" content=\"index, follow, max-snippet:-1, max-image-preview:large, max-video-preview:-1\" \/>\n<link rel=\"canonical\" href=\"https:\/\/lainoabar.es\/eu\/servicios\/\" \/>\n<meta property=\"og:locale\" content=\"en_US\" \/>\n<meta property=\"og:type\" content=\"article\" \/>\n<meta property=\"og:title\" content=\"Servicios - Lainoa Bar\" \/>\n<meta property=\"og:description\" content=\"Nuestros Servicios Nuestra barra: el arte de comer en un bocado En nuestra barra de madera, el protagonista siempre es el producto. Cada ma\u00f1ana preparamos una selecci\u00f3n de pintxos que combinan la tradici\u00f3n de nuestra cocina con ese toque casero que te hace sentir como en casa. Ven, elige tu favorito y acomp\u00e1\u00f1alo con una [&hellip;]\" \/>\n<meta property=\"og:url\" content=\"https:\/\/lainoabar.es\/eu\/servicios\/\" \/>\n<meta property=\"og:site_name\" content=\"Lainoa Bar\" \/>\n<meta property=\"article:modified_time\" content=\"2026-03-13T11:13:28+00:00\" \/>\n<meta property=\"og:image\" content=\"https:\/\/lainoabar.es\/wp-content\/uploads\/2026\/03\/Diseno-sin-titulo-5-1024x719.png\" \/>\n<meta name=\"twitter:card\" content=\"summary_large_image\" \/>\n<meta name=\"twitter:label1\" content=\"Est. reading time\" \/>\n\t<meta name=\"twitter:data1\" content=\"1 minutua\" \/>\n<script type=\"application\/ld+json\" class=\"yoast-schema-graph\">{\"@context\":\"https:\\\/\\\/schema.org\",\"@graph\":[{\"@type\":\"WebPage\",\"@id\":\"https:\\\/\\\/lainoabar.es\\\/servicios\\\/\",\"url\":\"https:\\\/\\\/lainoabar.es\\\/servicios\\\/\",\"name\":\"Servicios - Lainoa Bar\",\"isPartOf\":{\"@id\":\"https:\\\/\\\/lainoabar.es\\\/#website\"},\"primaryImageOfPage\":{\"@id\":\"https:\\\/\\\/lainoabar.es\\\/servicios\\\/#primaryimage\"},\"image\":{\"@id\":\"https:\\\/\\\/lainoabar.es\\\/servicios\\\/#primaryimage\"},\"thumbnailUrl\":\"https:\\\/\\\/lainoabar.es\\\/wp-content\\\/uploads\\\/2026\\\/03\\\/Diseno-sin-titulo-5-1024x719.png\",\"datePublished\":\"2026-03-13T08:24:00+00:00\",\"dateModified\":\"2026-03-13T11:13:28+00:00\",\"breadcrumb\":{\"@id\":\"https:\\\/\\\/lainoabar.es\\\/servicios\\\/#breadcrumb\"},\"inLanguage\":\"eu\",\"potentialAction\":[{\"@type\":\"ReadAction\",\"target\":[\"https:\\\/\\\/lainoabar.es\\\/servicios\\\/\"]}]},{\"@type\":\"ImageObject\",\"inLanguage\":\"eu\",\"@id\":\"https:\\\/\\\/lainoabar.es\\\/servicios\\\/#primaryimage\",\"url\":\"https:\\\/\\\/lainoabar.es\\\/wp-content\\\/uploads\\\/2026\\\/03\\\/Diseno-sin-titulo-5-1024x719.png\",\"contentUrl\":\"https:\\\/\\\/lainoabar.es\\\/wp-content\\\/uploads\\\/2026\\\/03\\\/Diseno-sin-titulo-5-1024x719.png\"},{\"@type\":\"BreadcrumbList\",\"@id\":\"https:\\\/\\\/lainoabar.es\\\/servicios\\\/#breadcrumb\",\"itemListElement\":[{\"@type\":\"ListItem\",\"position\":1,\"name\":\"Portada\",\"item\":\"https:\\\/\\\/lainoabar.es\\\/\"},{\"@type\":\"ListItem\",\"position\":2,\"name\":\"Servicios\"}]},{\"@type\":\"WebSite\",\"@id\":\"https:\\\/\\\/lainoabar.es\\\/#website\",\"url\":\"https:\\\/\\\/lainoabar.es\\\/\",\"name\":\"Lainoa Bar\",\"description\":\"\",\"publisher\":{\"@id\":\"https:\\\/\\\/lainoabar.es\\\/#organization\"},\"potentialAction\":[{\"@type\":\"SearchAction\",\"target\":{\"@type\":\"EntryPoint\",\"urlTemplate\":\"https:\\\/\\\/lainoabar.es\\\/?s={search_term_string}\"},\"query-input\":{\"@type\":\"PropertyValueSpecification\",\"valueRequired\":true,\"valueName\":\"search_term_string\"}}],\"inLanguage\":\"eu\"},{\"@type\":\"Organization\",\"@id\":\"https:\\\/\\\/lainoabar.es\\\/#organization\",\"name\":\"Lainoa Bar\",\"url\":\"https:\\\/\\\/lainoabar.es\\\/\",\"logo\":{\"@type\":\"ImageObject\",\"inLanguage\":\"eu\",\"@id\":\"https:\\\/\\\/lainoabar.es\\\/#\\\/schema\\\/logo\\\/image\\\/\",\"url\":\"https:\\\/\\\/lainoabar.es\\\/wp-content\\\/uploads\\\/2026\\\/03\\\/cropped-barlainoaugao202603_logo_web-scaled-1.png\",\"contentUrl\":\"https:\\\/\\\/lainoabar.es\\\/wp-content\\\/uploads\\\/2026\\\/03\\\/cropped-barlainoaugao202603_logo_web-scaled-1.png\",\"width\":2559,\"height\":1910,\"caption\":\"Lainoa Bar\"},\"image\":{\"@id\":\"https:\\\/\\\/lainoabar.es\\\/#\\\/schema\\\/logo\\\/image\\\/\"}}]}<\/script>\n<!-- \/ Yoast SEO plugin. -->","yoast_head_json":{"title":"Servicios - Lainoa Bar","robots":{"index":"index","follow":"follow","max-snippet":"max-snippet:-1","max-image-preview":"max-image-preview:large","max-video-preview":"max-video-preview:-1"},"canonical":"https:\/\/lainoabar.es\/eu\/servicios\/","og_locale":"en_US","og_type":"article","og_title":"Servicios - Lainoa Bar","og_description":"Nuestros Servicios Nuestra barra: el arte de comer en un bocado En nuestra barra de madera, el protagonista siempre es el producto. Cada ma\u00f1ana preparamos una selecci\u00f3n de pintxos que combinan la tradici\u00f3n de nuestra cocina con ese toque casero que te hace sentir como en casa. Ven, elige tu favorito y acomp\u00e1\u00f1alo con una [&hellip;]","og_url":"https:\/\/lainoabar.es\/eu\/servicios\/","og_site_name":"Lainoa Bar","article_modified_time":"2026-03-13T11:13:28+00:00","og_image":[{"url":"https:\/\/lainoabar.es\/wp-content\/uploads\/2026\/03\/Diseno-sin-titulo-5-1024x719.png","type":"","width":"","height":""}],"twitter_card":"summary_large_image","twitter_misc":{"Est. reading time":"1 minutua"},"schema":{"@context":"https:\/\/schema.org","@graph":[{"@type":"WebPage","@id":"https:\/\/lainoabar.es\/servicios\/","url":"https:\/\/lainoabar.es\/servicios\/","name":"Servicios - Lainoa Bar","isPartOf":{"@id":"https:\/\/lainoabar.es\/#website"},"primaryImageOfPage":{"@id":"https:\/\/lainoabar.es\/servicios\/#primaryimage"},"image":{"@id":"https:\/\/lainoabar.es\/servicios\/#primaryimage"},"thumbnailUrl":"https:\/\/lainoabar.es\/wp-content\/uploads\/2026\/03\/Diseno-sin-titulo-5-1024x719.png","datePublished":"2026-03-13T08:24:00+00:00","dateModified":"2026-03-13T11:13:28+00:00","breadcrumb":{"@id":"https:\/\/lainoabar.es\/servicios\/#breadcrumb"},"inLanguage":"eu","potentialAction":[{"@type":"ReadAction","target":["https:\/\/lainoabar.es\/servicios\/"]}]},{"@type":"ImageObject","inLanguage":"eu","@id":"https:\/\/lainoabar.es\/servicios\/#primaryimage","url":"https:\/\/lainoabar.es\/wp-content\/uploads\/2026\/03\/Diseno-sin-titulo-5-1024x719.png","contentUrl":"https:\/\/lainoabar.es\/wp-content\/uploads\/2026\/03\/Diseno-sin-titulo-5-1024x719.png"},{"@type":"BreadcrumbList","@id":"https:\/\/lainoabar.es\/servicios\/#breadcrumb","itemListElement":[{"@type":"ListItem","position":1,"name":"Portada","item":"https:\/\/lainoabar.es\/"},{"@type":"ListItem","position":2,"name":"Servicios"}]},{"@type":"WebSite","@id":"https:\/\/lainoabar.es\/#website","url":"https:\/\/lainoabar.es\/","name":"Lainoa Bar","description":"","publisher":{"@id":"https:\/\/lainoabar.es\/#organization"},"potentialAction":[{"@type":"SearchAction","target":{"@type":"EntryPoint","urlTemplate":"https:\/\/lainoabar.es\/?s={search_term_string}"},"query-input":{"@type":"PropertyValueSpecification","valueRequired":true,"valueName":"search_term_string"}}],"inLanguage":"eu"},{"@type":"Organization","@id":"https:\/\/lainoabar.es\/#organization","name":"Lainoa Bar","url":"https:\/\/lainoabar.es\/","logo":{"@type":"ImageObject","inLanguage":"eu","@id":"https:\/\/lainoabar.es\/#\/schema\/logo\/image\/","url":"https:\/\/lainoabar.es\/wp-content\/uploads\/2026\/03\/cropped-barlainoaugao202603_logo_web-scaled-1.png","contentUrl":"https:\/\/lainoabar.es\/wp-content\/uploads\/2026\/03\/cropped-barlainoaugao202603_logo_web-scaled-1.png","width":2559,"height":1910,"caption":"Lainoa Bar"},"image":{"@id":"https:\/\/lainoabar.es\/#\/schema\/logo\/image\/"}}]}},"_links":{"self":[{"href":"https:\/\/lainoabar.es\/eu\/wp-json\/wp\/v2\/pages\/14","targetHints":{"allow":["GET"]}}],"collection":[{"href":"https:\/\/lainoabar.es\/eu\/wp-json\/wp\/v2\/pages"}],"about":[{"href":"https:\/\/lainoabar.es\/eu\/wp-json\/wp\/v2\/types\/page"}],"author":[{"embeddable":true,"href":"https:\/\/lainoabar.es\/eu\/wp-json\/wp\/v2\/users\/1"}],"replies":[{"embeddable":true,"href":"https:\/\/lainoabar.es\/eu\/wp-json\/wp\/v2\/comments?post=14"}],"version-history":[{"count":94,"href":"https:\/\/lainoabar.es\/eu\/wp-json\/wp\/v2\/pages\/14\/revisions"}],"predecessor-version":[{"id":310,"href":"https:\/\/lainoabar.es\/eu\/wp-json\/wp\/v2\/pages\/14\/revisions\/310"}],"wp:attachment":[{"href":"https:\/\/lainoabar.es\/eu\/wp-json\/wp\/v2\/media?parent=14"}],"curies":[{"name":"wp","href":"https:\/\/api.w.org\/{rel}","templated":true}]}}